{"id":14504,"date":"2023-08-08T15:06:02","date_gmt":"2023-08-08T13:06:02","guid":{"rendered":"https:\/\/trustbox.report\/?page_id=14504"},"modified":"2024-01-29T09:41:29","modified_gmt":"2024-01-29T08:41:29","slug":"mentions-legales","status":"publish","type":"page","link":"https:\/\/trustbox.report\/fr\/mentions-legales\/","title":{"rendered":"Mentions l\u00e9gales"},"content":{"rendered":"\t\t<div data-elementor-type=\"wp-page\" data-elementor-id=\"14504\" class=\"elementor elementor-14504\">\n\t\t\t\t\t\t<section class=\"elementor-section elementor-top-section elementor-element elementor-element-5a24224a elementor-section-boxed elementor-section-height-default elementor-section-height-default\" data-id=\"5a24224a\" data-element_type=\"section\">\n\t\t\t\t\t\t<div class=\"elementor-container elementor-column-gap-default\">\n\t\t\t\t\t<div class=\"elementor-column elementor-col-100 elementor-top-column elementor-element elementor-element-58ccffa0\" data-id=\"58ccffa0\" data-element_type=\"column\">\n\t\t\t<div class=\"elementor-widget-wrap elementor-element-populated\">\n\t\t\t\t\t\t<div class=\"elementor-element elementor-element-1afb708 elementor-widget elementor-widget-spacer\" data-id=\"1afb708\" data-element_type=\"widget\" data-widget_type=\"spacer.default\">\n\t\t\t\t<div class=\"elementor-widget-container\">\n\t\t\t\t\t\t\t<div class=\"elementor-spacer\">\n\t\t\t<div class=\"elementor-spacer-inner\"><\/div>\n\t\t<\/div>\n\t\t\t\t\t\t<\/div>\n\t\t\t\t<\/div>\n\t\t\t\t<div class=\"elementor-element elementor-element-634f58a7 elementor-widget elementor-widget-text-editor\" data-id=\"634f58a7\" data-element_type=\"widget\" data-widget_type=\"text-editor.default\">\n\t\t\t\t<div class=\"elementor-widget-container\">\n\t\t\t\t\t\t\t\t\t<h1><strong>Mentions L\u00e9gales<\/strong><\/h1><p>\u00a0<\/p><h2><strong>\u00c9diteur du Site :<\/strong><\/h2><p>\u00a0<\/p><p>Nom de l&rsquo;entreprise : TrustBox<\/p><p>Adresse : 31 rue du chanoine boulanger, 54220 MALZEVILLE<\/p><p>T\u00e9l\u00e9phone : 0383635241<\/p><p>Email : hello@trustbox.report<\/p><p>RCS : 789404993<\/p><p>\u00a0<\/p><h2><strong>H\u00e9bergement :<\/strong><\/h2><p>\u00a0<\/p><p>Nom de l&rsquo;h\u00e9bergeur : OVH<\/p><p>Adresse : 2 rue Kellermann &#8211; 59100 Roubaix &#8211; France<\/p><p>T\u00e9l\u00e9phone :\u00a0\u00a0+33 (0)8 203 203 63<\/p><p>Email :\u00a0support@ovh.com<\/p><p>\u00a0<\/p><h2><strong>Propri\u00e9t\u00e9 intellectuelle :<\/strong><\/h2><p>\u00a0<\/p><p>Le contenu du site, incluant les textes, images, graphismes, logos, ic\u00f4nes, ainsi que leur mise en forme, sont la propri\u00e9t\u00e9 exclusive de TrustBox \u00e0 l&rsquo;exception des marques, logos ou contenus appartenant \u00e0 d&rsquo;autres entreprises partenaires ou auteurs.<\/p><p>\u00a0<\/p><h2><strong>Protection des donn\u00e9es personnelles :<\/strong><\/h2><p>\u00a0<\/p><p>Les donn\u00e9es personnelles collect\u00e9es sur ce site sont utilis\u00e9es uniquement dans le cadre de la fourniture des services propos\u00e9s et pourront \u00eatre partag\u00e9es avec les partenaires et prestataires impliqu\u00e9s dans la gestion de ces services. Conform\u00e9ment \u00e0 la loi vous disposez d&rsquo;un droit d&rsquo;acc\u00e8s, de modification et de suppression des donn\u00e9es vous concernant. Pour exercer ce droit, veuillez contacter <a href=\"mailto:dpo@trustbox.report\">dpo@trustbox.report<\/a><\/p><p>\u00a0<\/p><h2><strong>Responsabilit\u00e9 :<\/strong><\/h2><p>\u00a0<\/p><p>Les informations fournies sur ce site sont donn\u00e9es \u00e0 titre indicatif et sont susceptibles d&rsquo;\u00e9voluer. TrustBox\u00a0\u00a0ne saurait \u00eatre tenu responsable des erreurs, omissions ou indisponibilit\u00e9s du site. Les liens hypertextes renvoyant vers d&rsquo;autres sites sont donn\u00e9s \u00e0 titre informatif et TrustBox\u00a0\u00a0ne saurait \u00eatre tenu responsable du contenu de ces sites.<\/p><p>\u00a0<\/p><h2><strong>Droit applicable et juridiction comp\u00e9tente :<\/strong><\/h2><p>\u00a0<\/p><p>Tout litige en relation avec l&rsquo;utilisation du site TrustBox\u00a0\u00a0est soumis au droit applicable. En cas de litige, les tribunaux de Nancy seront seuls comp\u00e9tents.<\/p><p>Ces mentions l\u00e9gales sont fournies \u00e0 titre d&rsquo;exemple et doivent \u00eatre adapt\u00e9es en fonction de la situation et de la l\u00e9gislation en vigueur. Il est recommand\u00e9 de consulter un professionnel du droit pour garantir la conformit\u00e9 de vos mentions l\u00e9gales.<\/p><p>\u00a0<\/p>\t\t\t\t\t\t\t\t<\/div>\n\t\t\t\t<\/div>\n\t\t\t\t\t<\/div>\n\t\t<\/div>\n\t\t\t\t\t<\/div>\n\t\t<\/section>\n\t\t\t\t<\/div>\n\t\t","protected":false},"excerpt":{"rendered":"<p>Mentions L\u00e9gales \u00a0 \u00c9diteur du Site : \u00a0 Nom de l&rsquo;entreprise : TrustBox Adresse : 31 rue du chanoine boulanger, 54220 MALZEVILLE T\u00e9l\u00e9phone : 0383635241 Email : hello@trustbox.report RCS : 789404993 \u00a0 H\u00e9bergement : \u00a0 Nom de l&rsquo;h\u00e9bergeur : OVH Adresse : 2 rue Kellermann &#8211; 59100 Roubaix &#8211; France T\u00e9l\u00e9phone :\u00a0\u00a0+33 (0)8 203 203 [&hellip;]<\/p>\n","protected":false},"author":2,"featured_media":0,"parent":0,"menu_order":0,"comment_status":"closed","ping_status":"open","template":"","meta":{"footnotes":""},"class_list":["post-14504","page","type-page","status-publish","hentry"],"yoast_head":"<!-- This site is optimized with the Yoast SEO plugin v26.6 - https:\/\/yoast.com\/wordpress\/plugins\/seo\/ -->\n<title>Mentions l\u00e9gales - TrustBox<\/title>\n<meta name=\"description\" content=\"Consulter les mentions l\u00e9gales de TrustBox\" \/>\n<meta name=\"robots\" content=\"index, follow, max-snippet:-1, max-image-preview:large, max-video-preview:-1\" \/>\n<link rel=\"canonical\" href=\"https:\/\/trustbox.report\/fr\/mentions-legales\/\" \/>\n<meta property=\"og:locale\" content=\"fr_FR\" \/>\n<meta property=\"og:type\" content=\"article\" \/>\n<meta property=\"og:title\" content=\"Mentions l\u00e9gales - TrustBox\" \/>\n<meta property=\"og:description\" content=\"Consulter les mentions l\u00e9gales de TrustBox\" \/>\n<meta property=\"og:url\" content=\"https:\/\/trustbox.report\/fr\/mentions-legales\/\" \/>\n<meta property=\"og:site_name\" content=\"TrustBox\" \/>\n<meta property=\"article:modified_time\" content=\"2024-01-29T08:41:29+00:00\" \/>\n<meta name=\"twitter:card\" content=\"summary_large_image\" \/>\n<meta name=\"twitter:label1\" content=\"Dur\u00e9e de lecture estim\u00e9e\" \/>\n\t<meta name=\"twitter:data1\" content=\"2 minutes\" \/>\n<script type=\"application\/ld+json\" class=\"yoast-schema-graph\">{\"@context\":\"https:\/\/schema.org\",\"@graph\":[{\"@type\":\"WebPage\",\"@id\":\"https:\/\/trustbox.report\/fr\/mentions-legales\/\",\"url\":\"https:\/\/trustbox.report\/fr\/mentions-legales\/\",\"name\":\"Mentions l\u00e9gales - TrustBox\",\"isPartOf\":{\"@id\":\"https:\/\/trustbox.report\/fr\/#website\"},\"datePublished\":\"2023-08-08T13:06:02+00:00\",\"dateModified\":\"2024-01-29T08:41:29+00:00\",\"description\":\"Consulter les mentions l\u00e9gales de TrustBox\",\"breadcrumb\":{\"@id\":\"https:\/\/trustbox.report\/fr\/mentions-legales\/#breadcrumb\"},\"inLanguage\":\"fr-FR\",\"potentialAction\":[{\"@type\":\"ReadAction\",\"target\":[\"https:\/\/trustbox.report\/fr\/mentions-legales\/\"]}]},{\"@type\":\"BreadcrumbList\",\"@id\":\"https:\/\/trustbox.report\/fr\/mentions-legales\/#breadcrumb\",\"itemListElement\":[{\"@type\":\"ListItem\",\"position\":1,\"name\":\"Accueil\",\"item\":\"https:\/\/trustbox.report\/fr\/\"},{\"@type\":\"ListItem\",\"position\":2,\"name\":\"Mentions l\u00e9gales\"}]},{\"@type\":\"WebSite\",\"@id\":\"https:\/\/trustbox.report\/fr\/#website\",\"url\":\"https:\/\/trustbox.report\/fr\/\",\"name\":\"TrustBox\",\"description\":\"\",\"publisher\":{\"@id\":\"https:\/\/trustbox.report\/fr\/#organization\"},\"potentialAction\":[{\"@type\":\"SearchAction\",\"target\":{\"@type\":\"EntryPoint\",\"urlTemplate\":\"https:\/\/trustbox.report\/fr\/?s={search_term_string}\"},\"query-input\":{\"@type\":\"PropertyValueSpecification\",\"valueRequired\":true,\"valueName\":\"search_term_string\"}}],\"inLanguage\":\"fr-FR\"},{\"@type\":\"Organization\",\"@id\":\"https:\/\/trustbox.report\/fr\/#organization\",\"name\":\"TrustBox\",\"url\":\"https:\/\/trustbox.report\/fr\/\",\"logo\":{\"@type\":\"ImageObject\",\"inLanguage\":\"fr-FR\",\"@id\":\"https:\/\/trustbox.report\/fr\/#\/schema\/logo\/image\/\",\"url\":\"https:\/\/trustbox.report\/wp-content\/uploads\/2023\/01\/Logo-TrustBox.svg\",\"contentUrl\":\"https:\/\/trustbox.report\/wp-content\/uploads\/2023\/01\/Logo-TrustBox.svg\",\"width\":877,\"height\":279,\"caption\":\"TrustBox\"},\"image\":{\"@id\":\"https:\/\/trustbox.report\/fr\/#\/schema\/logo\/image\/\"}}]}<\/script>\n<!-- \/ Yoast SEO plugin. -->","yoast_head_json":{"title":"Mentions l\u00e9gales - TrustBox","description":"Consulter les mentions l\u00e9gales de TrustBox","robots":{"index":"index","follow":"follow","max-snippet":"max-snippet:-1","max-image-preview":"max-image-preview:large","max-video-preview":"max-video-preview:-1"},"canonical":"https:\/\/trustbox.report\/fr\/mentions-legales\/","og_locale":"fr_FR","og_type":"article","og_title":"Mentions l\u00e9gales - TrustBox","og_description":"Consulter les mentions l\u00e9gales de TrustBox","og_url":"https:\/\/trustbox.report\/fr\/mentions-legales\/","og_site_name":"TrustBox","article_modified_time":"2024-01-29T08:41:29+00:00","twitter_card":"summary_large_image","twitter_misc":{"Dur\u00e9e de lecture estim\u00e9e":"2 minutes"},"schema":{"@context":"https:\/\/schema.org","@graph":[{"@type":"WebPage","@id":"https:\/\/trustbox.report\/fr\/mentions-legales\/","url":"https:\/\/trustbox.report\/fr\/mentions-legales\/","name":"Mentions l\u00e9gales - TrustBox","isPartOf":{"@id":"https:\/\/trustbox.report\/fr\/#website"},"datePublished":"2023-08-08T13:06:02+00:00","dateModified":"2024-01-29T08:41:29+00:00","description":"Consulter les mentions l\u00e9gales de TrustBox","breadcrumb":{"@id":"https:\/\/trustbox.report\/fr\/mentions-legales\/#breadcrumb"},"inLanguage":"fr-FR","potentialAction":[{"@type":"ReadAction","target":["https:\/\/trustbox.report\/fr\/mentions-legales\/"]}]},{"@type":"BreadcrumbList","@id":"https:\/\/trustbox.report\/fr\/mentions-legales\/#breadcrumb","itemListElement":[{"@type":"ListItem","position":1,"name":"Accueil","item":"https:\/\/trustbox.report\/fr\/"},{"@type":"ListItem","position":2,"name":"Mentions l\u00e9gales"}]},{"@type":"WebSite","@id":"https:\/\/trustbox.report\/fr\/#website","url":"https:\/\/trustbox.report\/fr\/","name":"TrustBox","description":"","publisher":{"@id":"https:\/\/trustbox.report\/fr\/#organization"},"potentialAction":[{"@type":"SearchAction","target":{"@type":"EntryPoint","urlTemplate":"https:\/\/trustbox.report\/fr\/?s={search_term_string}"},"query-input":{"@type":"PropertyValueSpecification","valueRequired":true,"valueName":"search_term_string"}}],"inLanguage":"fr-FR"},{"@type":"Organization","@id":"https:\/\/trustbox.report\/fr\/#organization","name":"TrustBox","url":"https:\/\/trustbox.report\/fr\/","logo":{"@type":"ImageObject","inLanguage":"fr-FR","@id":"https:\/\/trustbox.report\/fr\/#\/schema\/logo\/image\/","url":"https:\/\/trustbox.report\/wp-content\/uploads\/2023\/01\/Logo-TrustBox.svg","contentUrl":"https:\/\/trustbox.report\/wp-content\/uploads\/2023\/01\/Logo-TrustBox.svg","width":877,"height":279,"caption":"TrustBox"},"image":{"@id":"https:\/\/trustbox.report\/fr\/#\/schema\/logo\/image\/"}}]}},"_links":{"self":[{"href":"https:\/\/trustbox.report\/fr\/wp-json\/wp\/v2\/pages\/14504","targetHints":{"allow":["GET"]}}],"collection":[{"href":"https:\/\/trustbox.report\/fr\/wp-json\/wp\/v2\/pages"}],"about":[{"href":"https:\/\/trustbox.report\/fr\/wp-json\/wp\/v2\/types\/page"}],"author":[{"embeddable":true,"href":"https:\/\/trustbox.report\/fr\/wp-json\/wp\/v2\/users\/2"}],"replies":[{"embeddable":true,"href":"https:\/\/trustbox.report\/fr\/wp-json\/wp\/v2\/comments?post=14504"}],"version-history":[{"count":19,"href":"https:\/\/trustbox.report\/fr\/wp-json\/wp\/v2\/pages\/14504\/revisions"}],"predecessor-version":[{"id":14524,"href":"https:\/\/trustbox.report\/fr\/wp-json\/wp\/v2\/pages\/14504\/revisions\/14524"}],"wp:attachment":[{"href":"https:\/\/trustbox.report\/fr\/wp-json\/wp\/v2\/media?parent=14504"}],"curies":[{"name":"wp","href":"https:\/\/api.w.org\/{rel}","templated":true}]}}