{"id":3,"date":"2023-01-24T11:34:14","date_gmt":"2023-01-24T10:34:14","guid":{"rendered":"https:\/\/trustbox.report\/?page_id=3"},"modified":"2024-01-29T09:41:29","modified_gmt":"2024-01-29T08:41:29","slug":"politique-de-confidentialite","status":"publish","type":"page","link":"https:\/\/trustbox.report\/fr\/politique-de-confidentialite\/","title":{"rendered":"Politique de confidentialit\u00e9"},"content":{"rendered":"\t\t<div data-elementor-type=\"wp-page\" data-elementor-id=\"3\" class=\"elementor elementor-3\">\n\t\t\t\t\t\t<section class=\"elementor-section elementor-top-section elementor-element elementor-element-5a24224a elementor-section-boxed elementor-section-height-default elementor-section-height-default\" data-id=\"5a24224a\" data-element_type=\"section\">\n\t\t\t\t\t\t<div class=\"elementor-container elementor-column-gap-default\">\n\t\t\t\t\t<div class=\"elementor-column elementor-col-100 elementor-top-column elementor-element elementor-element-58ccffa0\" data-id=\"58ccffa0\" data-element_type=\"column\">\n\t\t\t<div class=\"elementor-widget-wrap elementor-element-populated\">\n\t\t\t\t\t\t<div class=\"elementor-element elementor-element-1afb708 elementor-widget elementor-widget-spacer\" data-id=\"1afb708\" data-element_type=\"widget\" data-widget_type=\"spacer.default\">\n\t\t\t\t<div class=\"elementor-widget-container\">\n\t\t\t\t\t\t\t<div class=\"elementor-spacer\">\n\t\t\t<div class=\"elementor-spacer-inner\"><\/div>\n\t\t<\/div>\n\t\t\t\t\t\t<\/div>\n\t\t\t\t<\/div>\n\t\t\t\t<div class=\"elementor-element elementor-element-634f58a7 elementor-widget elementor-widget-text-editor\" data-id=\"634f58a7\" data-element_type=\"widget\" data-widget_type=\"text-editor.default\">\n\t\t\t\t<div class=\"elementor-widget-container\">\n\t\t\t\t\t\t\t\t\t<h2>Identification<\/h2>\n<p>\u00a0<\/p>\n<p>Le si\u00e8ge social de TRUSTBOX se situe au 31 rue du chanoine boulanger, 54220 MALZEVILLE.\u00a0<\/p>\n<p>L&rsquo;objectif de cette d\u00e9claration est de vous expliquer comment TRUSTBOX collecte, utilise et stocke vos donn\u00e9es personnelles (ci-apr\u00e8s \u00ab les donn\u00e9es \u00bb), que vous soyez un client actuel ou potentiel (ci-apr\u00e8s \u00ab prospect \u00bb).<\/p>\n<p>\u00a0<\/p>\n<h2>1. Qui est responsable du traitement de vos donn\u00e9es ?<\/h2>\n<p>\u00a0<\/p>\n<p>TRUSTBOX est l&rsquo;entit\u00e9 responsable du traitement de vos donn\u00e9es. Cela signifie qu&rsquo;elle d\u00e9cide des raisons pour lesquelles vos donn\u00e9es sont collect\u00e9es.<\/p>\n<p>De ce fait, TRUSTBOX s&rsquo;engage \u00e0 traiter et prot\u00e9ger vos donn\u00e9es de mani\u00e8re conforme \u00e0 la loi, de mani\u00e8re loyale et transparente.<\/p>\n<p>\u00a0<\/p>\n<h2>2. En quoi consiste le traitement des donn\u00e9es personnelles ?<\/h2>\n<p>\u00a0<\/p>\n<p>Les donn\u00e9es personnelles se r\u00e9f\u00e8rent \u00e0 toute information concernant une personne qui est identifi\u00e9e ou identifiable, directement ou indirectement, en se r\u00e9f\u00e9rant \u00e0 un ou plusieurs \u00e9l\u00e9ments sp\u00e9cifiques \u00e0 cette personne.<\/p>\n<p>Le traitement des donn\u00e9es personnelles englobe toutes les op\u00e9rations r\u00e9alis\u00e9es sur ces donn\u00e9es, quel que soit le moyen utilis\u00e9, notamment la collecte, l&rsquo;enregistrement, l&rsquo;organisation et la conservation.<\/p>\n<p>Dans le cadre de ses services, TRUSTBOX collecte et traite divers renseignements, donn\u00e9es et informations que vous fournissez ou qui sont fournis par des tiers, selon les besoins ou l&rsquo;utilit\u00e9 pour ses activit\u00e9s. Bien qu&rsquo;il n&rsquo;y ait aucune obligation l\u00e9gale de nous transmettre vos donn\u00e9es personnelles, veuillez noter qu&rsquo;un refus de votre part peut emp\u00eacher TRUSTBOX d&rsquo;\u00e9tablir ou de maintenir une relation avec vous, et peut nuire \u00e0 l&rsquo;\u00e9tude de vos demandes.<\/p>\n<h2>\u00a0<\/h2>\n<h2>3. Quelles donn\u00e9es personnelles sont trait\u00e9es ?<\/h2>\n<p>\u00a0<\/p>\n<p>Dans le cadre de ses activit\u00e9s TRUSTBOX peut \u00eatre amen\u00e9 \u00e0 collecter et traiter diverses informations et donn\u00e9es, que vous fournissiez directement ou qu&rsquo;elles soient fournies par des tiers.<\/p>\n<p>Voici une liste des types de donn\u00e9es personnelles que nous traitons :<\/p>\n<ul>\n<li>Les informations d&rsquo;identification comme votre nom, pr\u00e9nom, adresse, date et lieu de naissance, adresse e-mail, et autres ;<\/li>\n<li>Les informations concernant votre utilisation de notre site web et de l&rsquo;espace client, incluant les pages que vous consultez, les simulations et demandes que vous faites, vos r\u00e9actions \u00e0 nos offres commerciales, et autres ;<\/li>\n<li>Les donn\u00e9es collect\u00e9es via des cookies (les cookies sont n\u00e9cessaires pour le bon fonctionnement de notre site web) ;<\/li>\n<li>Les informations recueillies via des trackers (les trackers nous aident \u00e0 m\u00e9moriser vos pr\u00e9f\u00e9rences, \u00e0 collecter des donn\u00e9es statistiques, \u00e0 personnaliser le contenu et\/ou les publicit\u00e9s de nos sites en fonction de vos besoins).<\/li>\n<\/ul>\n<p>Veuillez noter que TRUSTBOX ne traite pas de donn\u00e9es sensibles comme des informations de sant\u00e9, des donn\u00e9es relatives \u00e0 la race, \u00e0 l&rsquo;ethnie, \u00e0 la philosophie ou \u00e0 la religion, \u00e0 l&rsquo;appartenance syndicale ou \u00e0 la vie sexuelle.<\/p>\n<p>\u00a0<\/p>\n<h2>4. Quand collectons-nous vos donn\u00e9es ?<\/h2>\n<p>\u00a0<\/p>\n<p>Nous collectons vos donn\u00e9es \u00e0 divers moments lorsque vous interagissez avec TRUSTBOX et tout au long du processus de cr\u00e9ation de votre compte. Par exemple, cela peut se produire lorsque :<\/p>\n<ul>\n<li>Vous remplissez notre formulaire de contact en ligne (sur notre site web) ;<\/li>\n<li>Vous cr\u00e9er un compte sur notre site web.<\/li>\n<\/ul>\n<h2>5. Pourquoi TRUSTBOX traite-t-elle vos donn\u00e9es\u00a0?<\/h2>\n<div>\u00a0<\/div>\n<p>Tout d&rsquo;abord, TRUSTBOX est tenue de traiter vos donn\u00e9es en raison de diverses obligations l\u00e9gales et r\u00e9glementaires. De plus,<span style=\"background-color: var( --e-global-color-theme-body-bg-color ); color: var( --e-global-color-theme-content-color ); font-family: var( --e-global-typography-theme-main-font-family ), Sans-serif; font-size: var( --e-global-typography-theme-main-font-size ); font-weight: var( --e-global-typography-theme-main-font-weight );\">\u00a0TRUSTBOX traite vos donn\u00e9es dans le cadre de sa relation contractuelle avec vous en tant que client. Voici quelques exemples (cette liste n&rsquo;est pas exhaustive) :<\/span><\/p>\n<p>R\u00e9pondre \u00e0 vos demandes de projet; Vous permettre de vous connecter \u00e0 notre site et d&rsquo;acc\u00e9der \u00e0 nos services dans le cadre de la relation contractuelle (par exemple : espace personnel)\u00a0 ; Effectuer du marketing direct afin de vous envoyer des informations, publicit\u00e9s ou propositions relatives \u00e0 des produits ou services qui pourraient vous int\u00e9resser.<\/p>\n<h2>6. \u00c0 qui vos donn\u00e9es peuvent-elles \u00eatre transf\u00e9r\u00e9es\u00a0?<\/h2>\n<div>\u00a0<\/div>\n<p>Vos donn\u00e9es sont trait\u00e9es de mani\u00e8re confidentielle. Les salari\u00e9s de TRUSTBOX sont tenus par le secret professionnel qui fait l&rsquo;objet d&rsquo;une clause sp\u00e9cifique inscrite dans leur contrat de travail.<\/p>\n<p>Pour satisfaire \u00e0 nos obligations l\u00e9gales, TRUSTBOX est susceptible de partager certaines donn\u00e9es personnelles avec les autorit\u00e9s\u00a0judiciaires, l&rsquo;Autorit\u00e9 de Contr\u00f4le Prudentiel et de R\u00e9solution, la Commission Nationale Informatique et Libert\u00e9s, la Direction G\u00e9n\u00e9rale de la Concurrence, de la Consommation et de la R\u00e9pression des Fraudes, etc.<\/p>\n<p>\u00a0<\/p>\n<h2>7. Quelle est la dur\u00e9e de conservation de vos donn\u00e9es\u00a0?<\/h2>\n<div>\u00a0<\/div>\n<p>Vos donn\u00e9es sont conserv\u00e9es pour une dur\u00e9e qui ne d\u00e9passe pas celle n\u00e9cessaire \u00e0 leur traitement, \u00e0 moins qu&rsquo;une loi ou un r\u00e8glement ne sp\u00e9cifie une dur\u00e9e pr\u00e9cise.<\/p>\n<p>Les donn\u00e9es collect\u00e9es sont conserv\u00e9es pour une p\u00e9riode de 3 ans. Au-del\u00e0 de cette p\u00e9riode, vos donn\u00e9es sont archiv\u00e9es pour se conformer aux obligations l\u00e9gales et pour r\u00e9pondre aux besoins juridiques de conservation de vos donn\u00e9es pour des raisons de preuve ou pour r\u00e9pondre aux demandes d&rsquo;informations des autorit\u00e9s comp\u00e9tentes.<\/p>\n<h2>8. Quels sont vos droits et comment les exercer\u00a0?<\/h2>\n<div>\u00a0<\/div>\n<h3>8.1. Droit g\u00e9n\u00e9ral de refus de marketing direct<\/h3>\n<p>Vous avez le droit de vous opposer \u00e0 tout moment \u00e0 l&rsquo;exploitation de vos donn\u00e9es pour des activit\u00e9s de marketing direct. Pour cela, vous pouvez nous contacter par mail \u00e0 <a href=\"mailto:dpo@trustbox.report\">dpo@trustbox.report<\/a>, ou par courrier \u00e0 TRUSTBOX \u2013 DPO \u2013 31 rue du chanoine boulanger, 54220 MALZEVILLE.<\/p>\n<h3>8.2. Droit d&rsquo;acc\u00e8s, de rectification, de suppression et de transfert des donn\u00e9es<\/h3>\n<p>Vous avez un droit constant d&rsquo;acc\u00e8s \u00e0 vos donn\u00e9es personnelles. Ainsi, vous pouvez demander les informations suivantes :<\/p>\n<p>les types de donn\u00e9es personnelles que nous d\u00e9tenons ; les objectifs du traitement ; les destinataires ou les cat\u00e9gories de destinataires ; Si vos donn\u00e9es personnelles sont inexactes, non pertinentes ou incompl\u00e8tes, nous les modifierons, les compl\u00e9terons et, dans certains cas, les supprimerons si la loi le permet. Vous pouvez \u00e9galement demander que certaines de ces donn\u00e9es vous soient transmises directement ou \u00e0 un tiers.<\/p>\n<p>Pour toute demande, vous pouvez nous contacter par mail \u00e0 <a href=\"mailto:dpo@trustbox.report\">dpo@trustbox.report<\/a>, ou par courrier \u00e0 TRUSTBOX \u2013 DPO \u2013 31 rue du chanoine boulanger, 54220 MALZEVILLE.<\/p>\n<h3>8.3 Commission Nationale Informatique et Libert\u00e9s<\/h3>\n<p>Si vous n&rsquo;\u00eates pas satisfait de notre r\u00e9ponse, vous pouvez contacter la CNIL, 3 Place de Fontenoy &#8211; TSA 80715 &#8211; 75334 PARIS CEDEX 07 &#8211; T\u00e9l : 01 53 73 22 22 (du lundi au jeudi de 9h \u00e0 18h30 \/ le vendredi de 9h \u00e0 18h) &#8211; Fax : 01 53 73 22 00 \u2013 site internet : <a href=\"http:\/\/www.cnil.fr\/\" target=\"_new\">www.cnil.fr<\/a>.<\/p>\n<p>\u00a0<\/p>\t\t\t\t\t\t\t\t<\/div>\n\t\t\t\t<\/div>\n\t\t\t\t\t<\/div>\n\t\t<\/div>\n\t\t\t\t\t<\/div>\n\t\t<\/section>\n\t\t\t\t<\/div>\n\t\t","protected":false},"excerpt":{"rendered":"<p>Identification \u00a0 Le si\u00e8ge social de TRUSTBOX se situe au 31 rue du chanoine boulanger, 54220 MALZEVILLE.\u00a0 L&rsquo;objectif de cette d\u00e9claration est de vous expliquer comment TRUSTBOX collecte, utilise et stocke vos donn\u00e9es personnelles (ci-apr\u00e8s \u00ab les donn\u00e9es \u00bb), que vous soyez un client actuel ou potentiel (ci-apr\u00e8s \u00ab prospect \u00bb). \u00a0 1. Qui est [&hellip;]<\/p>\n","protected":false},"author":2,"featured_media":0,"parent":0,"menu_order":0,"comment_status":"closed","ping_status":"open","template":"","meta":{"footnotes":""},"class_list":["post-3","page","type-page","status-publish","hentry"],"yoast_head":"<!-- This site is optimized with the Yoast SEO plugin v26.6 - https:\/\/yoast.com\/wordpress\/plugins\/seo\/ -->\n<title>Politique de confidentialit\u00e9 - TrustBox<\/title>\n<meta name=\"description\" content=\"Consulter notre politique de confidentialit\u00e9 de TrustBox\" \/>\n<meta name=\"robots\" content=\"index, follow, max-snippet:-1, max-image-preview:large, max-video-preview:-1\" \/>\n<link rel=\"canonical\" href=\"https:\/\/trustbox.report\/fr\/politique-de-confidentialite\/\" \/>\n<meta property=\"og:locale\" content=\"fr_FR\" \/>\n<meta property=\"og:type\" content=\"article\" \/>\n<meta property=\"og:title\" content=\"Politique de confidentialit\u00e9 - TrustBox\" \/>\n<meta property=\"og:description\" content=\"Consulter notre politique de confidentialit\u00e9 de TrustBox\" \/>\n<meta property=\"og:url\" content=\"https:\/\/trustbox.report\/fr\/politique-de-confidentialite\/\" \/>\n<meta property=\"og:site_name\" content=\"TrustBox\" \/>\n<meta property=\"article:modified_time\" content=\"2024-01-29T08:41:29+00:00\" \/>\n<meta name=\"twitter:card\" content=\"summary_large_image\" \/>\n<meta name=\"twitter:label1\" content=\"Dur\u00e9e de lecture estim\u00e9e\" \/>\n\t<meta name=\"twitter:data1\" content=\"6 minutes\" \/>\n<script type=\"application\/ld+json\" class=\"yoast-schema-graph\">{\"@context\":\"https:\/\/schema.org\",\"@graph\":[{\"@type\":\"WebPage\",\"@id\":\"https:\/\/trustbox.report\/fr\/politique-de-confidentialite\/\",\"url\":\"https:\/\/trustbox.report\/fr\/politique-de-confidentialite\/\",\"name\":\"Politique de confidentialit\u00e9 - TrustBox\",\"isPartOf\":{\"@id\":\"https:\/\/trustbox.report\/fr\/#website\"},\"datePublished\":\"2023-01-24T10:34:14+00:00\",\"dateModified\":\"2024-01-29T08:41:29+00:00\",\"description\":\"Consulter notre politique de confidentialit\u00e9 de TrustBox\",\"breadcrumb\":{\"@id\":\"https:\/\/trustbox.report\/fr\/politique-de-confidentialite\/#breadcrumb\"},\"inLanguage\":\"fr-FR\",\"potentialAction\":[{\"@type\":\"ReadAction\",\"target\":[\"https:\/\/trustbox.report\/fr\/politique-de-confidentialite\/\"]}]},{\"@type\":\"BreadcrumbList\",\"@id\":\"https:\/\/trustbox.report\/fr\/politique-de-confidentialite\/#breadcrumb\",\"itemListElement\":[{\"@type\":\"ListItem\",\"position\":1,\"name\":\"Accueil\",\"item\":\"https:\/\/trustbox.report\/fr\/\"},{\"@type\":\"ListItem\",\"position\":2,\"name\":\"Politique de confidentialit\u00e9\"}]},{\"@type\":\"WebSite\",\"@id\":\"https:\/\/trustbox.report\/fr\/#website\",\"url\":\"https:\/\/trustbox.report\/fr\/\",\"name\":\"TrustBox\",\"description\":\"\",\"publisher\":{\"@id\":\"https:\/\/trustbox.report\/fr\/#organization\"},\"potentialAction\":[{\"@type\":\"SearchAction\",\"target\":{\"@type\":\"EntryPoint\",\"urlTemplate\":\"https:\/\/trustbox.report\/fr\/?s={search_term_string}\"},\"query-input\":{\"@type\":\"PropertyValueSpecification\",\"valueRequired\":true,\"valueName\":\"search_term_string\"}}],\"inLanguage\":\"fr-FR\"},{\"@type\":\"Organization\",\"@id\":\"https:\/\/trustbox.report\/fr\/#organization\",\"name\":\"TrustBox\",\"url\":\"https:\/\/trustbox.report\/fr\/\",\"logo\":{\"@type\":\"ImageObject\",\"inLanguage\":\"fr-FR\",\"@id\":\"https:\/\/trustbox.report\/fr\/#\/schema\/logo\/image\/\",\"url\":\"https:\/\/trustbox.report\/wp-content\/uploads\/2023\/01\/Logo-TrustBox.svg\",\"contentUrl\":\"https:\/\/trustbox.report\/wp-content\/uploads\/2023\/01\/Logo-TrustBox.svg\",\"width\":877,\"height\":279,\"caption\":\"TrustBox\"},\"image\":{\"@id\":\"https:\/\/trustbox.report\/fr\/#\/schema\/logo\/image\/\"}}]}<\/script>\n<!-- \/ Yoast SEO plugin. -->","yoast_head_json":{"title":"Politique de confidentialit\u00e9 - TrustBox","description":"Consulter notre politique de confidentialit\u00e9 de TrustBox","robots":{"index":"index","follow":"follow","max-snippet":"max-snippet:-1","max-image-preview":"max-image-preview:large","max-video-preview":"max-video-preview:-1"},"canonical":"https:\/\/trustbox.report\/fr\/politique-de-confidentialite\/","og_locale":"fr_FR","og_type":"article","og_title":"Politique de confidentialit\u00e9 - TrustBox","og_description":"Consulter notre politique de confidentialit\u00e9 de TrustBox","og_url":"https:\/\/trustbox.report\/fr\/politique-de-confidentialite\/","og_site_name":"TrustBox","article_modified_time":"2024-01-29T08:41:29+00:00","twitter_card":"summary_large_image","twitter_misc":{"Dur\u00e9e de lecture estim\u00e9e":"6 minutes"},"schema":{"@context":"https:\/\/schema.org","@graph":[{"@type":"WebPage","@id":"https:\/\/trustbox.report\/fr\/politique-de-confidentialite\/","url":"https:\/\/trustbox.report\/fr\/politique-de-confidentialite\/","name":"Politique de confidentialit\u00e9 - TrustBox","isPartOf":{"@id":"https:\/\/trustbox.report\/fr\/#website"},"datePublished":"2023-01-24T10:34:14+00:00","dateModified":"2024-01-29T08:41:29+00:00","description":"Consulter notre politique de confidentialit\u00e9 de TrustBox","breadcrumb":{"@id":"https:\/\/trustbox.report\/fr\/politique-de-confidentialite\/#breadcrumb"},"inLanguage":"fr-FR","potentialAction":[{"@type":"ReadAction","target":["https:\/\/trustbox.report\/fr\/politique-de-confidentialite\/"]}]},{"@type":"BreadcrumbList","@id":"https:\/\/trustbox.report\/fr\/politique-de-confidentialite\/#breadcrumb","itemListElement":[{"@type":"ListItem","position":1,"name":"Accueil","item":"https:\/\/trustbox.report\/fr\/"},{"@type":"ListItem","position":2,"name":"Politique de confidentialit\u00e9"}]},{"@type":"WebSite","@id":"https:\/\/trustbox.report\/fr\/#website","url":"https:\/\/trustbox.report\/fr\/","name":"TrustBox","description":"","publisher":{"@id":"https:\/\/trustbox.report\/fr\/#organization"},"potentialAction":[{"@type":"SearchAction","target":{"@type":"EntryPoint","urlTemplate":"https:\/\/trustbox.report\/fr\/?s={search_term_string}"},"query-input":{"@type":"PropertyValueSpecification","valueRequired":true,"valueName":"search_term_string"}}],"inLanguage":"fr-FR"},{"@type":"Organization","@id":"https:\/\/trustbox.report\/fr\/#organization","name":"TrustBox","url":"https:\/\/trustbox.report\/fr\/","logo":{"@type":"ImageObject","inLanguage":"fr-FR","@id":"https:\/\/trustbox.report\/fr\/#\/schema\/logo\/image\/","url":"https:\/\/trustbox.report\/wp-content\/uploads\/2023\/01\/Logo-TrustBox.svg","contentUrl":"https:\/\/trustbox.report\/wp-content\/uploads\/2023\/01\/Logo-TrustBox.svg","width":877,"height":279,"caption":"TrustBox"},"image":{"@id":"https:\/\/trustbox.report\/fr\/#\/schema\/logo\/image\/"}}]}},"_links":{"self":[{"href":"https:\/\/trustbox.report\/fr\/wp-json\/wp\/v2\/pages\/3","targetHints":{"allow":["GET"]}}],"collection":[{"href":"https:\/\/trustbox.report\/fr\/wp-json\/wp\/v2\/pages"}],"about":[{"href":"https:\/\/trustbox.report\/fr\/wp-json\/wp\/v2\/types\/page"}],"author":[{"embeddable":true,"href":"https:\/\/trustbox.report\/fr\/wp-json\/wp\/v2\/users\/2"}],"replies":[{"embeddable":true,"href":"https:\/\/trustbox.report\/fr\/wp-json\/wp\/v2\/comments?post=3"}],"version-history":[{"count":44,"href":"https:\/\/trustbox.report\/fr\/wp-json\/wp\/v2\/pages\/3\/revisions"}],"predecessor-version":[{"id":14497,"href":"https:\/\/trustbox.report\/fr\/wp-json\/wp\/v2\/pages\/3\/revisions\/14497"}],"wp:attachment":[{"href":"https:\/\/trustbox.report\/fr\/wp-json\/wp\/v2\/media?parent=3"}],"curies":[{"name":"wp","href":"https:\/\/api.w.org\/{rel}","templated":true}]}}