{"id":382,"date":"2021-07-16T11:36:11","date_gmt":"2021-07-16T11:36:11","guid":{"rendered":"https:\/\/livewp.site\/wp\/md\/ewebot\/contact-us\/"},"modified":"2024-01-29T09:41:26","modified_gmt":"2024-01-29T08:41:26","slug":"contact","status":"publish","type":"page","link":"https:\/\/trustbox.report\/fr\/contact\/","title":{"rendered":"Contact"},"content":{"rendered":"\t\t<div data-elementor-type=\"wp-post\" data-elementor-id=\"382\" class=\"elementor elementor-382\">\n\t\t\t\t\t\t<section class=\"elementor-section elementor-top-section elementor-element elementor-element-f30e14b cloud_animated_bottom elementor-section-boxed elementor-section-height-default elementor-section-height-default\" data-id=\"f30e14b\" data-element_type=\"section\" data-settings=\"{&quot;background_background&quot;:&quot;classic&quot;}\">\n\t\t\t\t\t\t\t<div class=\"elementor-background-overlay\"><\/div>\n\t\t\t\t\t\t\t<div class=\"elementor-container elementor-column-gap-default\">\n\t\t\t\t\t<div class=\"elementor-column elementor-col-100 elementor-top-column elementor-element elementor-element-da97f0a\" data-id=\"da97f0a\" data-element_type=\"column\">\n\t\t\t<div class=\"elementor-widget-wrap elementor-element-populated\">\n\t\t\t\t\t\t<div class=\"elementor-element elementor-element-951dd37 elementor-widget elementor-widget-spacer\" data-id=\"951dd37\" data-element_type=\"widget\" data-widget_type=\"spacer.default\">\n\t\t\t\t<div class=\"elementor-widget-container\">\n\t\t\t\t\t\t\t<div class=\"elementor-spacer\">\n\t\t\t<div class=\"elementor-spacer-inner\"><\/div>\n\t\t<\/div>\n\t\t\t\t\t\t<\/div>\n\t\t\t\t<\/div>\n\t\t\t\t<div class=\"elementor-element elementor-element-8587799 elementor-widget elementor-widget-heading\" data-id=\"8587799\" data-element_type=\"widget\" data-widget_type=\"heading.default\">\n\t\t\t\t<div class=\"elementor-widget-container\">\n\t\t\t\t\t<h2 class=\"elementor-heading-title elementor-size-default\">Contact<\/h2>\t\t\t\t<\/div>\n\t\t\t\t<\/div>\n\t\t\t\t<div class=\"elementor-element-custom_font_size elementor-element-custom_line_height elementor-element-custom_font_family elementor-element-custom_font_weight elementor-element elementor-element-f681f3c elementor-widget elementor-widget-text-editor\" data-id=\"f681f3c\" data-element_type=\"widget\" data-widget_type=\"text-editor.default\">\n\t\t\t\t<div class=\"elementor-widget-container\">\n\t\t\t\t\t\t\t\t\t<p style=\"text-align: center;\">Notre support client est l\u00e0 pour vous aider \u00e0 naviguer les eaux troubles de la technologie !<\/p>\t\t\t\t\t\t\t\t<\/div>\n\t\t\t\t<\/div>\n\t\t\t\t\t<\/div>\n\t\t<\/div>\n\t\t\t\t\t<\/div>\n\t\t<\/section>\n\t\t\t\t<section class=\"elementor-section elementor-top-section elementor-element elementor-element-d3d1a8e elementor-section-boxed elementor-section-height-default elementor-section-height-default\" data-id=\"d3d1a8e\" data-element_type=\"section\">\n\t\t\t\t\t\t<div class=\"elementor-container elementor-column-gap-default\">\n\t\t\t\t\t<div class=\"elementor-column elementor-col-100 elementor-top-column elementor-element elementor-element-bf8fd41\" data-id=\"bf8fd41\" data-element_type=\"column\">\n\t\t\t<div class=\"elementor-widget-wrap elementor-element-populated\">\n\t\t\t\t\t\t<section class=\"elementor-section elementor-inner-section elementor-element elementor-element-6e6c3c0 centralize-right-shadow elementor-section-height-min-height elementor-section-boxed elementor-section-height-default\" data-id=\"6e6c3c0\" data-element_type=\"section\" data-settings=\"{&quot;background_background&quot;:&quot;classic&quot;}\">\n\t\t\t\t\t\t<div class=\"elementor-container elementor-column-gap-extended\">\n\t\t\t\t\t<div class=\"elementor-column elementor-col-50 elementor-inner-column elementor-element elementor-element-fc2cb45\" data-id=\"fc2cb45\" data-element_type=\"column\">\n\t\t\t<div class=\"elementor-widget-wrap elementor-element-populated\">\n\t\t\t\t\t\t<div class=\"elementor-element-custom_font_size elementor-element-custom_line_height elementor-element-custom_font_family elementor-element-custom_color elementor-element elementor-element-4a6245b elementor-widget elementor-widget-text-editor\" data-id=\"4a6245b\" data-element_type=\"widget\" data-widget_type=\"text-editor.default\">\n\t\t\t\t<div class=\"elementor-widget-container\">\n\t\t\t\t\t\t\t\t\t<p><strong><span style=\"color: #13b3e5;\">Chut ! Vous entendez ?<\/span><\/strong><\/p><p><strong>C&rsquo;est votre question qui appelle une r\u00e9ponse !<\/strong><\/p>\t\t\t\t\t\t\t\t<\/div>\n\t\t\t\t<\/div>\n\t\t\t\t<div class=\"elementor-element elementor-element-6f29a5b elementor-widget elementor-widget-html\" data-id=\"6f29a5b\" data-element_type=\"widget\" data-widget_type=\"html.default\">\n\t\t\t\t<div class=\"elementor-widget-container\">\n\t\t\t\t\t\n<div class=\"wpcf7 no-js\" id=\"wpcf7-f1881-o1\" lang=\"fr-FR\" dir=\"ltr\" data-wpcf7-id=\"1881\">\n<div class=\"screen-reader-response\"><p role=\"status\" aria-live=\"polite\" aria-atomic=\"true\"><\/p> <ul><\/ul><\/div>\n<form action=\"\/fr\/wp-json\/wp\/v2\/pages\/382#wpcf7-f1881-o1\" method=\"post\" class=\"wpcf7-form init\" aria-label=\"Formulaire de contact\" novalidate=\"novalidate\" data-status=\"init\">\n<fieldset class=\"hidden-fields-container\"><input type=\"hidden\" name=\"_wpcf7\" value=\"1881\" \/><input type=\"hidden\" name=\"_wpcf7_version\" value=\"6.1.4\" \/><input type=\"hidden\" name=\"_wpcf7_locale\" value=\"fr_FR\" \/><input type=\"hidden\" name=\"_wpcf7_unit_tag\" value=\"wpcf7-f1881-o1\" \/><input type=\"hidden\" name=\"_wpcf7_container_post\" value=\"0\" \/><input type=\"hidden\" name=\"_wpcf7_posted_data_hash\" value=\"\" \/><input type=\"hidden\" name=\"_wpcf7_recaptcha_response\" value=\"\" \/>\n<\/fieldset>\n<div class=\"row contact_form_2\">\n\t<div class=\"span6\">\n\t\t<p><span class=\"wpcf7-form-control-wrap\" data-name=\"your-name\"><input size=\"40\" maxlength=\"400\" class=\"wpcf7-form-control wpcf7-text wpcf7-validates-as-required\" aria-required=\"true\" aria-invalid=\"false\" placeholder=\"Votre nom*\" value=\"\" type=\"text\" name=\"your-name\" \/><\/span>\n\t\t<\/p>\n\t<\/div>\n\t<div class=\"span6\">\n\t\t<p><span class=\"wpcf7-form-control-wrap\" data-name=\"your-email\"><input size=\"40\" maxlength=\"400\" class=\"wpcf7-form-control wpcf7-email wpcf7-validates-as-required wpcf7-text wpcf7-validates-as-email\" aria-required=\"true\" aria-invalid=\"false\" placeholder=\"Email*\" value=\"\" type=\"email\" name=\"your-email\" \/><\/span>\n\t\t<\/p>\n\t<\/div>\n\t<div class=\"span6\">\n\t\t<p><span class=\"wpcf7-form-control-wrap\" data-name=\"your-phone\"><input size=\"40\" maxlength=\"400\" class=\"wpcf7-form-control wpcf7-text\" aria-invalid=\"false\" placeholder=\"Telephone\" value=\"\" type=\"text\" name=\"your-phone\" \/><\/span>\n\t\t<\/p>\n\t<\/div>\n\t<div class=\"span6\">\n\t\t<p><span class=\"wpcf7-form-control-wrap\" data-name=\"your-company\"><input size=\"40\" maxlength=\"400\" class=\"wpcf7-form-control wpcf7-text wpcf7-validates-as-required\" aria-required=\"true\" aria-invalid=\"false\" placeholder=\"Entreprise*\" value=\"\" type=\"text\" name=\"your-company\" \/><\/span>\n\t\t<\/p>\n\t<\/div>\n\t<div class=\"span12\">\n\t\t<p><span class=\"wpcf7-form-control-wrap\" data-name=\"your-message\"><textarea cols=\"40\" rows=\"10\" maxlength=\"2000\" class=\"wpcf7-form-control wpcf7-textarea wpcf7-validates-as-required\" aria-required=\"true\" aria-invalid=\"false\" placeholder=\"Message*\" name=\"your-message\"><\/textarea><\/span>\n\t\t<\/p>\n\t<\/div>\n\t<div class=\"span12 btn-submit\">\n\t\t<p><input class=\"wpcf7-form-control wpcf7-submit has-spinner\" type=\"submit\" value=\"Envoyer\" \/>\n\t\t<\/p>\n\t<\/div>\n<\/div><div class=\"wpcf7-response-output\" aria-hidden=\"true\"><\/div>\n<\/form>\n<\/div>\n\t\t\t\t<\/div>\n\t\t\t\t<\/div>\n\t\t\t\t\t<\/div>\n\t\t<\/div>\n\t\t\t\t<div class=\"elementor-column elementor-col-50 elementor-inner-column elementor-element elementor-element-793962b\" data-id=\"793962b\" data-element_type=\"column\">\n\t\t\t<div class=\"elementor-widget-wrap elementor-element-populated\">\n\t\t\t\t\t\t<div class=\"elementor-element elementor-element-07b0f82 elementor-widget elementor-widget-image\" data-id=\"07b0f82\" data-element_type=\"widget\" data-widget_type=\"image.default\">\n\t\t\t\t<div class=\"elementor-widget-container\">\n\t\t\t\t\t\t\t\t\t\t\t\t\t\t\t<img fetchpriority=\"high\" decoding=\"async\" width=\"866\" height=\"1024\" src=\"https:\/\/trustbox.report\/wp-content\/uploads\/2023\/08\/successful-businesswoman@2x-866x1024.png\" class=\"attachment-large size-large wp-image-13767\" alt=\"\" srcset=\"https:\/\/trustbox.report\/wp-content\/uploads\/2023\/08\/successful-businesswoman@2x-866x1024.png 866w, https:\/\/trustbox.report\/wp-content\/uploads\/2023\/08\/successful-businesswoman@2x-254x300.png 254w, https:\/\/trustbox.report\/wp-content\/uploads\/2023\/08\/successful-businesswoman@2x-768x908.png 768w, https:\/\/trustbox.report\/wp-content\/uploads\/2023\/08\/successful-businesswoman@2x-480x567.png 480w, https:\/\/trustbox.report\/wp-content\/uploads\/2023\/08\/successful-businesswoman@2x.png 1174w\" sizes=\"(max-width: 866px) 100vw, 866px\" title=\"successful-businesswoman@2x\" \/>\t\t\t\t\t\t\t\t\t\t\t\t\t\t\t<\/div>\n\t\t\t\t<\/div>\n\t\t\t\t\t<\/div>\n\t\t<\/div>\n\t\t\t\t\t<\/div>\n\t\t<\/section>\n\t\t\t\t\t<\/div>\n\t\t<\/div>\n\t\t\t\t\t<\/div>\n\t\t<\/section>\n\t\t\t\t<section class=\"elementor-section elementor-top-section elementor-element elementor-element-dddd11f elementor-section-boxed elementor-section-height-default elementor-section-height-default\" data-id=\"dddd11f\" data-element_type=\"section\">\n\t\t\t\t\t\t<div class=\"elementor-container elementor-column-gap-default\">\n\t\t\t\t\t<div class=\"elementor-column elementor-col-100 elementor-top-column elementor-element elementor-element-5622503\" data-id=\"5622503\" data-element_type=\"column\">\n\t\t\t<div class=\"elementor-widget-wrap elementor-element-populated\">\n\t\t\t\t\t\t<section class=\"elementor-section elementor-inner-section elementor-element elementor-element-9ef4c62 centralize-left-shadow elementor-section-boxed elementor-section-height-default elementor-section-height-default\" data-id=\"9ef4c62\" data-element_type=\"section\" data-settings=\"{&quot;background_background&quot;:&quot;classic&quot;}\">\n\t\t\t\t\t\t<div class=\"elementor-container elementor-column-gap-extended\">\n\t\t\t\t\t<div class=\"elementor-column elementor-col-50 elementor-inner-column elementor-element elementor-element-6e1fc93\" data-id=\"6e1fc93\" data-element_type=\"column\">\n\t\t\t<div class=\"elementor-widget-wrap elementor-element-populated\">\n\t\t\t\t\t\t<div class=\"elementor-element elementor-element-3fcf6ca elementor-widget elementor-widget-image\" data-id=\"3fcf6ca\" data-element_type=\"widget\" data-widget_type=\"image.default\">\n\t\t\t\t<div class=\"elementor-widget-container\">\n\t\t\t\t\t\t\t\t\t\t\t\t\t\t\t<img decoding=\"async\" width=\"1170\" height=\"732\" src=\"https:\/\/trustbox.report\/wp-content\/uploads\/2022\/09\/man-enjoying-the-wind.jpg\" class=\"attachment-full size-full wp-image-11791\" alt=\"\" srcset=\"https:\/\/trustbox.report\/wp-content\/uploads\/2022\/09\/man-enjoying-the-wind.jpg 1170w, https:\/\/trustbox.report\/wp-content\/uploads\/2022\/09\/man-enjoying-the-wind-300x188.jpg 300w, https:\/\/trustbox.report\/wp-content\/uploads\/2022\/09\/man-enjoying-the-wind-1024x641.jpg 1024w, https:\/\/trustbox.report\/wp-content\/uploads\/2022\/09\/man-enjoying-the-wind-768x480.jpg 768w, https:\/\/trustbox.report\/wp-content\/uploads\/2022\/09\/man-enjoying-the-wind-480x300.jpg 480w\" sizes=\"(max-width: 1170px) 100vw, 1170px\" title=\"\" \/>\t\t\t\t\t\t\t\t\t\t\t\t\t\t\t<\/div>\n\t\t\t\t<\/div>\n\t\t\t\t\t<\/div>\n\t\t<\/div>\n\t\t\t\t<div class=\"elementor-column elementor-col-50 elementor-inner-column elementor-element elementor-element-b4778af\" data-id=\"b4778af\" data-element_type=\"column\">\n\t\t\t<div class=\"elementor-widget-wrap elementor-element-populated\">\n\t\t\t\t\t\t<div class=\"elementor-element elementor-element-1ccf16d elementor-widget elementor-widget-html\" data-id=\"1ccf16d\" data-element_type=\"widget\" data-widget_type=\"html.default\">\n\t\t\t\t<div class=\"elementor-widget-container\">\n\t\t\t\t\t<div style=\"color:black;font-family:'Roboto';\">\r\n<i style=\"color:#13b3e5;\" class=\"fas fa-envelope\"><\/i><br\/>\r\nhello@trustbox.report<br\/><br\/>\r\n<i style=\"color:#13b3e5;\" class=\"fas fa-map-marker\"><\/i><br\/>\r\n31 rue du chanoine boulanger<br\/>\r\n54000<br\/>\r\nNancy<br\/>\r\n<\/div>\t\t\t\t<\/div>\n\t\t\t\t<\/div>\n\t\t\t\t\t<\/div>\n\t\t<\/div>\n\t\t\t\t\t<\/div>\n\t\t<\/section>\n\t\t\t\t\t<\/div>\n\t\t<\/div>\n\t\t\t\t\t<\/div>\n\t\t<\/section>\n\t\t\t\t<\/div>\n\t\t","protected":false},"excerpt":{"rendered":"<p>Contact Notre support client est l\u00e0 pour vous aider \u00e0 naviguer les eaux troubles de la technologie ! Chut ! Vous entendez ? C&rsquo;est votre question qui appelle une r\u00e9ponse ! hello@trustbox.report 31 rue du chanoine boulanger 54000 Nancy<\/p>\n","protected":false},"author":2,"featured_media":0,"parent":0,"menu_order":0,"comment_status":"closed","ping_status":"closed","template":"","meta":{"footnotes":""},"class_list":["post-382","page","type-page","status-publish","hentry"],"yoast_head":"<!-- This site is optimized with the Yoast SEO plugin v26.6 - https:\/\/yoast.com\/wordpress\/plugins\/seo\/ -->\n<title>Contact - TrustBox<\/title>\n<meta name=\"robots\" content=\"index, follow, max-snippet:-1, max-image-preview:large, max-video-preview:-1\" \/>\n<link rel=\"canonical\" href=\"https:\/\/trustbox.report\/fr\/contact\/\" \/>\n<meta property=\"og:locale\" content=\"fr_FR\" \/>\n<meta property=\"og:type\" content=\"article\" \/>\n<meta property=\"og:title\" content=\"Contact - TrustBox\" \/>\n<meta property=\"og:description\" content=\"Contact Notre support client est l\u00e0 pour vous aider \u00e0 naviguer les eaux troubles de la technologie ! Chut ! Vous entendez ? C&rsquo;est votre question qui appelle une r\u00e9ponse ! hello@trustbox.report 31 rue du chanoine boulanger 54000 Nancy\" \/>\n<meta property=\"og:url\" content=\"https:\/\/trustbox.report\/fr\/contact\/\" \/>\n<meta property=\"og:site_name\" content=\"TrustBox\" \/>\n<meta property=\"article:modified_time\" content=\"2024-01-29T08:41:26+00:00\" \/>\n<meta property=\"og:image\" content=\"https:\/\/trustbox.report\/wp-content\/uploads\/2023\/08\/successful-businesswoman@2x-866x1024.png\" \/>\n<meta name=\"twitter:card\" content=\"summary_large_image\" \/>\n<meta name=\"twitter:label1\" content=\"Dur\u00e9e de lecture estim\u00e9e\" \/>\n\t<meta name=\"twitter:data1\" content=\"1 minute\" \/>\n<script type=\"application\/ld+json\" class=\"yoast-schema-graph\">{\"@context\":\"https:\/\/schema.org\",\"@graph\":[{\"@type\":\"WebPage\",\"@id\":\"https:\/\/trustbox.report\/fr\/contact\/\",\"url\":\"https:\/\/trustbox.report\/fr\/contact\/\",\"name\":\"Contact - TrustBox\",\"isPartOf\":{\"@id\":\"https:\/\/trustbox.report\/fr\/#website\"},\"primaryImageOfPage\":{\"@id\":\"https:\/\/trustbox.report\/fr\/contact\/#primaryimage\"},\"image\":{\"@id\":\"https:\/\/trustbox.report\/fr\/contact\/#primaryimage\"},\"thumbnailUrl\":\"https:\/\/trustbox.report\/wp-content\/uploads\/2023\/08\/successful-businesswoman@2x-866x1024.png\",\"datePublished\":\"2021-07-16T11:36:11+00:00\",\"dateModified\":\"2024-01-29T08:41:26+00:00\",\"breadcrumb\":{\"@id\":\"https:\/\/trustbox.report\/fr\/contact\/#breadcrumb\"},\"inLanguage\":\"fr-FR\",\"potentialAction\":[{\"@type\":\"ReadAction\",\"target\":[\"https:\/\/trustbox.report\/fr\/contact\/\"]}]},{\"@type\":\"ImageObject\",\"inLanguage\":\"fr-FR\",\"@id\":\"https:\/\/trustbox.report\/fr\/contact\/#primaryimage\",\"url\":\"https:\/\/trustbox.report\/wp-content\/uploads\/2023\/08\/successful-businesswoman@2x-866x1024.png\",\"contentUrl\":\"https:\/\/trustbox.report\/wp-content\/uploads\/2023\/08\/successful-businesswoman@2x-866x1024.png\"},{\"@type\":\"BreadcrumbList\",\"@id\":\"https:\/\/trustbox.report\/fr\/contact\/#breadcrumb\",\"itemListElement\":[{\"@type\":\"ListItem\",\"position\":1,\"name\":\"Accueil\",\"item\":\"https:\/\/trustbox.report\/fr\/\"},{\"@type\":\"ListItem\",\"position\":2,\"name\":\"Contact\"}]},{\"@type\":\"WebSite\",\"@id\":\"https:\/\/trustbox.report\/fr\/#website\",\"url\":\"https:\/\/trustbox.report\/fr\/\",\"name\":\"TrustBox\",\"description\":\"\",\"publisher\":{\"@id\":\"https:\/\/trustbox.report\/fr\/#organization\"},\"potentialAction\":[{\"@type\":\"SearchAction\",\"target\":{\"@type\":\"EntryPoint\",\"urlTemplate\":\"https:\/\/trustbox.report\/fr\/?s={search_term_string}\"},\"query-input\":{\"@type\":\"PropertyValueSpecification\",\"valueRequired\":true,\"valueName\":\"search_term_string\"}}],\"inLanguage\":\"fr-FR\"},{\"@type\":\"Organization\",\"@id\":\"https:\/\/trustbox.report\/fr\/#organization\",\"name\":\"TrustBox\",\"url\":\"https:\/\/trustbox.report\/fr\/\",\"logo\":{\"@type\":\"ImageObject\",\"inLanguage\":\"fr-FR\",\"@id\":\"https:\/\/trustbox.report\/fr\/#\/schema\/logo\/image\/\",\"url\":\"https:\/\/trustbox.report\/wp-content\/uploads\/2023\/01\/Logo-TrustBox.svg\",\"contentUrl\":\"https:\/\/trustbox.report\/wp-content\/uploads\/2023\/01\/Logo-TrustBox.svg\",\"width\":877,\"height\":279,\"caption\":\"TrustBox\"},\"image\":{\"@id\":\"https:\/\/trustbox.report\/fr\/#\/schema\/logo\/image\/\"}}]}<\/script>\n<!-- \/ Yoast SEO plugin. -->","yoast_head_json":{"title":"Contact - TrustBox","robots":{"index":"index","follow":"follow","max-snippet":"max-snippet:-1","max-image-preview":"max-image-preview:large","max-video-preview":"max-video-preview:-1"},"canonical":"https:\/\/trustbox.report\/fr\/contact\/","og_locale":"fr_FR","og_type":"article","og_title":"Contact - TrustBox","og_description":"Contact Notre support client est l\u00e0 pour vous aider \u00e0 naviguer les eaux troubles de la technologie ! Chut ! Vous entendez ? C&rsquo;est votre question qui appelle une r\u00e9ponse ! hello@trustbox.report 31 rue du chanoine boulanger 54000 Nancy","og_url":"https:\/\/trustbox.report\/fr\/contact\/","og_site_name":"TrustBox","article_modified_time":"2024-01-29T08:41:26+00:00","og_image":[{"url":"https:\/\/trustbox.report\/wp-content\/uploads\/2023\/08\/successful-businesswoman@2x-866x1024.png","type":"","width":"","height":""}],"twitter_card":"summary_large_image","twitter_misc":{"Dur\u00e9e de lecture estim\u00e9e":"1 minute"},"schema":{"@context":"https:\/\/schema.org","@graph":[{"@type":"WebPage","@id":"https:\/\/trustbox.report\/fr\/contact\/","url":"https:\/\/trustbox.report\/fr\/contact\/","name":"Contact - TrustBox","isPartOf":{"@id":"https:\/\/trustbox.report\/fr\/#website"},"primaryImageOfPage":{"@id":"https:\/\/trustbox.report\/fr\/contact\/#primaryimage"},"image":{"@id":"https:\/\/trustbox.report\/fr\/contact\/#primaryimage"},"thumbnailUrl":"https:\/\/trustbox.report\/wp-content\/uploads\/2023\/08\/successful-businesswoman@2x-866x1024.png","datePublished":"2021-07-16T11:36:11+00:00","dateModified":"2024-01-29T08:41:26+00:00","breadcrumb":{"@id":"https:\/\/trustbox.report\/fr\/contact\/#breadcrumb"},"inLanguage":"fr-FR","potentialAction":[{"@type":"ReadAction","target":["https:\/\/trustbox.report\/fr\/contact\/"]}]},{"@type":"ImageObject","inLanguage":"fr-FR","@id":"https:\/\/trustbox.report\/fr\/contact\/#primaryimage","url":"https:\/\/trustbox.report\/wp-content\/uploads\/2023\/08\/successful-businesswoman@2x-866x1024.png","contentUrl":"https:\/\/trustbox.report\/wp-content\/uploads\/2023\/08\/successful-businesswoman@2x-866x1024.png"},{"@type":"BreadcrumbList","@id":"https:\/\/trustbox.report\/fr\/contact\/#breadcrumb","itemListElement":[{"@type":"ListItem","position":1,"name":"Accueil","item":"https:\/\/trustbox.report\/fr\/"},{"@type":"ListItem","position":2,"name":"Contact"}]},{"@type":"WebSite","@id":"https:\/\/trustbox.report\/fr\/#website","url":"https:\/\/trustbox.report\/fr\/","name":"TrustBox","description":"","publisher":{"@id":"https:\/\/trustbox.report\/fr\/#organization"},"potentialAction":[{"@type":"SearchAction","target":{"@type":"EntryPoint","urlTemplate":"https:\/\/trustbox.report\/fr\/?s={search_term_string}"},"query-input":{"@type":"PropertyValueSpecification","valueRequired":true,"valueName":"search_term_string"}}],"inLanguage":"fr-FR"},{"@type":"Organization","@id":"https:\/\/trustbox.report\/fr\/#organization","name":"TrustBox","url":"https:\/\/trustbox.report\/fr\/","logo":{"@type":"ImageObject","inLanguage":"fr-FR","@id":"https:\/\/trustbox.report\/fr\/#\/schema\/logo\/image\/","url":"https:\/\/trustbox.report\/wp-content\/uploads\/2023\/01\/Logo-TrustBox.svg","contentUrl":"https:\/\/trustbox.report\/wp-content\/uploads\/2023\/01\/Logo-TrustBox.svg","width":877,"height":279,"caption":"TrustBox"},"image":{"@id":"https:\/\/trustbox.report\/fr\/#\/schema\/logo\/image\/"}}]}},"_links":{"self":[{"href":"https:\/\/trustbox.report\/fr\/wp-json\/wp\/v2\/pages\/382","targetHints":{"allow":["GET"]}}],"collection":[{"href":"https:\/\/trustbox.report\/fr\/wp-json\/wp\/v2\/pages"}],"about":[{"href":"https:\/\/trustbox.report\/fr\/wp-json\/wp\/v2\/types\/page"}],"author":[{"embeddable":true,"href":"https:\/\/trustbox.report\/fr\/wp-json\/wp\/v2\/users\/2"}],"replies":[{"embeddable":true,"href":"https:\/\/trustbox.report\/fr\/wp-json\/wp\/v2\/comments?post=382"}],"version-history":[{"count":118,"href":"https:\/\/trustbox.report\/fr\/wp-json\/wp\/v2\/pages\/382\/revisions"}],"predecessor-version":[{"id":16956,"href":"https:\/\/trustbox.report\/fr\/wp-json\/wp\/v2\/pages\/382\/revisions\/16956"}],"wp:attachment":[{"href":"https:\/\/trustbox.report\/fr\/wp-json\/wp\/v2\/media?parent=382"}],"curies":[{"name":"wp","href":"https:\/\/api.w.org\/{rel}","templated":true}]}}